{"id":2,"date":"2023-05-08T11:17:27","date_gmt":"2023-05-08T11:17:27","guid":{"rendered":"http:\/\/team-planet.one\/?page_id=2"},"modified":"2023-05-15T13:45:25","modified_gmt":"2023-05-15T13:45:25","slug":"sample-page","status":"publish","type":"page","link":"https:\/\/team-planet.one\/de\/","title":{"rendered":"Homepage"},"content":{"rendered":"<div style=\"height:50px\" aria-hidden=\"true\" class=\"wp-block-spacer\"><\/div>\n\n\n\n<p>W\u00e4lder sind von enormer Bedeutung, da sie eine entscheidende Rolle bei der Stabilisierung unseres Klimas spielen, Lebensraum f\u00fcr beeindruckende 80% der weltweit landbasierten Artenvielfalt bieten und \u00fcber 2,4 Milliarden Menschen mit grundlegenden Ressourcen und Lebensgrundlagen versorgen.<\/p>\n\n\n\n<p>Trotz ihres unverzichtbaren Wertes f\u00fcr alles Leben auf der Erde verlieren wir sie jedoch in alarmierendem Tempo \u2013 pro Sekunde wird eine Fl\u00e4che in der Gr\u00f6\u00dfe eines Fu\u00dfballfeldes zerst\u00f6rt.<\/p>\n\n\n\n<p class=\"has-medium-font-size\"><strong><mark style=\"background-color:rgba(0, 0, 0, 0)\" class=\"has-inline-color has-black-color\">90%<\/mark><\/strong> der weltweiten W\u00e4lder sind bereits verschwunden.<\/p>\n\n\n\n<p class=\"has-medium-font-size\"><strong><mark style=\"background-color:rgba(0, 0, 0, 0)\" class=\"has-inline-color has-black-color\">2,6 Milliarden<\/mark><\/strong> Tonnen Kohlendioxid absorbieren die W\u00e4lder der Welt jedes Jahr.<\/p>\n\n\n\n<div style=\"height:50px\" aria-hidden=\"true\" class=\"wp-block-spacer\"><\/div>\n\n\n\n<div class=\"wp-block-cover alignfull has-parallax has-x-large-font-size\" style=\"min-height:530px;aspect-ratio:unset;\"><span aria-hidden=\"true\" class=\"wp-block-cover__background has-background-dim-0 has-background-dim\"><\/span><div role=\"img\" class=\"wp-block-cover__image-background wp-image-908 has-parallax\" style=\"background-position:50% 50%;background-image:url(https:\/\/team-planet.one\/wp-content\/uploads\/2023\/05\/IMG_1842.jpg)\"><\/div><div class=\"wp-block-cover__inner-container is-layout-flow wp-block-cover-is-layout-flow\">\n<p class=\"has-text-align-center has-x-large-font-size\">STOPPT DIE ABHOLZUNG! SCH\u00dcTZT UNSEREN PLANETEN!<\/p>\n\n\n\n<p class=\"has-text-align-center has-large-font-size\">Werden Sie Partner von TEAM PLANET ONE!<\/p>\n<\/div><\/div>\n\n\n\n<div style=\"height:50px\" aria-hidden=\"true\" class=\"wp-block-spacer\"><\/div>\n\n\n\n<div style=\"height:50px\" aria-hidden=\"true\" class=\"wp-block-spacer\"><\/div>","protected":false},"excerpt":{"rendered":"<p>Forests are incredibly significant as they play a crucial role in maintaining the stability of our climate, act as habitats for a staggering 80% of the world&#8217;s land-based biodiversity and provide the basic necessities and livelihoods for over 2.4 billion individuals. However, despite their indispensable value to all life on earth, we are losing them at an alarming rate, with [&hellip;]<\/p>","protected":false},"author":1,"featured_media":0,"parent":0,"menu_order":0,"comment_status":"closed","ping_status":"open","template":"page-templates\/full-width-container.php","meta":{"footnotes":""},"class_list":["post-2","page","type-page","status-publish","hentry"],"_links":{"self":[{"href":"https:\/\/team-planet.one\/de\/wp-json\/wp\/v2\/pages\/2","targetHints":{"allow":["GET"]}}],"collection":[{"href":"https:\/\/team-planet.one\/de\/wp-json\/wp\/v2\/pages"}],"about":[{"href":"https:\/\/team-planet.one\/de\/wp-json\/wp\/v2\/types\/page"}],"author":[{"embeddable":true,"href":"https:\/\/team-planet.one\/de\/wp-json\/wp\/v2\/users\/1"}],"replies":[{"embeddable":true,"href":"https:\/\/team-planet.one\/de\/wp-json\/wp\/v2\/comments?post=2"}],"version-history":[{"count":57,"href":"https:\/\/team-planet.one\/de\/wp-json\/wp\/v2\/pages\/2\/revisions"}],"predecessor-version":[{"id":909,"href":"https:\/\/team-planet.one\/de\/wp-json\/wp\/v2\/pages\/2\/revisions\/909"}],"wp:attachment":[{"href":"https:\/\/team-planet.one\/de\/wp-json\/wp\/v2\/media?parent=2"}],"curies":[{"name":"wp","href":"https:\/\/api.w.org\/{rel}","templated":true}]}}