{"id":3,"date":"2023-05-08T11:17:27","date_gmt":"2023-05-08T11:17:27","guid":{"rendered":"http:\/\/team-planet.one\/?page_id=3"},"modified":"2023-05-22T12:20:33","modified_gmt":"2023-05-22T12:20:33","slug":"privacy-policy","status":"publish","type":"page","link":"https:\/\/team-planet.one\/de\/privacy-policy\/","title":{"rendered":"Datenschutzerkl\u00e4rung"},"content":{"rendered":"<p><strong>Ihre Privatsph\u00e4re ist uns sehr wichtig!<\/strong><\/p>\n\n\n\n<p>Der Schutz und die Sicherheit pers\u00f6nlicher Informationen haben f\u00fcr uns oberste Priorit\u00e4t. Wir achten darauf, die Rechte der Personen, deren Daten wir verarbeiten (wie Mitarbeiter, Partner und andere Interessengruppen), gem\u00e4\u00df dem Datenschutzgesetz von 2012 (Republikgesetz Nr. 10173) und den damit verbundenen Vorschriften zu wahren. Wir halten uns strikt an die h\u00f6chsten Standards der Sicherheit und Vertraulichkeit im Umgang mit allen pers\u00f6nlichen Informationen und Daten, die von unseren betroffenen Personen geteilt werden.<\/p>\n\n\n\n<p><strong>Erhebung pers\u00f6nlicher Informationen<\/strong><\/p>\n\n\n\n<p>Personenbezogene Informationen beziehen sich auf alle Informationen, die in irgendeiner Form aufgezeichnet sind, sei es greifbar oder immateriell, und die eine Person identifizieren k\u00f6nnen oder in Verbindung mit anderen Informationen dazu verwendet werden k\u00f6nnen, jemanden zu identifizieren. Wir k\u00f6nnen personenbezogene Informationen erheben und speichern, die Sie uns freiwillig zur Verf\u00fcgung stellen, wenn Sie an unseren Veranstaltungen teilnehmen, Umfragen beantworten, Kommentare auf unserer Website abgeben, sich um eine Stelle bewerben, einen Vertrag mit uns abschlie\u00dfen oder uns kontaktieren. Wir k\u00f6nnen Softwaretools, Anwendungen und andere Datenerhebungstechnologien verwenden, die automatisch Informationen aus \u00f6ffentlich zug\u00e4nglichen Online-Daten, sozialen Medienplattformen und Webanwendungen sammeln.<\/p>\n\n\n\n<p><strong>Wie und warum wir personenbezogene Informationen erheben<\/strong><\/p>\n\n\n\n<p>&nbsp;Wenn Sie an unseren Veranstaltungen, Kampagnen und Umfragen teilnehmen, k\u00f6nnen wir personenbezogene Informationen erheben, die Sie uns freiwillig zur Verf\u00fcgung stellen. Die gesammelten personenbezogenen Informationen werden f\u00fcr regul\u00e4re Gesch\u00e4ftsprozesse verwendet, um unseren Stakeholdern hochwertige Dienstleistungen bereitzustellen, einschlie\u00dflich, aber nicht beschr\u00e4nkt auf:<\/p>\n\n\n\n<ul class=\"wp-block-list\">\n<li>F\u00fchrung interner Aufzeichnungen und Verfolgung von Statusanzeigen<\/li>\n\n\n\n<li>Bereitstellung technischer Unterst\u00fctzung<\/li>\n\n\n\n<li>Bearbeitung von Bewerbungen und Ausschreibungen.<\/li>\n\n\n\n<li>Beantwortung von Mitteilungen, die an uns gesendet werden.<\/li>\n\n\n\n<li>Weitere Zwecke, die zu den oben genannten Zielen beitragen.<\/li>\n<\/ul>\n\n\n\n<div style=\"height:20px\" aria-hidden=\"true\" class=\"wp-block-spacer\"><\/div>\n\n\n\n<p><strong>Mit wem wir Ihre Informationen teilen<\/strong><\/p>\n\n\n\n<p>Wir geben Ihre personenbezogenen Informationen nicht ohne Ihre ausdr\u00fcckliche oder stillschweigende Zustimmung an Dritte weiter. Sie k\u00f6nnen jederzeit von uns verlangen, dass wir die Erhebung, Nutzung und Weitergabe Ihrer personenbezogenen Informationen einstellen. In bestimmten F\u00e4llen kann Ihre personenbezogene Information jedoch ohne Ihre Zustimmung offengelegt werden, wenn dies gesetzlich vorgeschrieben ist oder um technische Probleme oder Missbrauch im Rahmen einer Untersuchung zu beheben. Wenn wir Ihre personenbezogenen Informationen mit unseren Partnern, Anbietern, Dienstleistern und Regierungsbeh\u00f6rden teilen, die Zugang zu solchen Informationen ben\u00f6tigen, stellen wir sicher, dass sie durch eine Vertraulichkeitsvereinbarung gebunden sind, die es ihnen untersagt, Ihre personenbezogenen Informationen f\u00fcr andere Zwecke als die Erf\u00fcllung ihrer Verpflichtungen gegen\u00fcber TeamPlanetOne zu verwenden.<\/p>\n\n\n\n<p><strong>Wie lange wir Ihre personenbezogenen Informationen speichern\/aufbewahren<\/strong><\/p>\n\n\n\n<p>Wir bewahren Ihre personenbezogenen Daten nur so lange auf, wie es erforderlich ist, um den Zweck zu erf\u00fcllen, f\u00fcr den sie erhoben wurden, sowie gem\u00e4\u00df den geltenden Gesetzen, Vertr\u00e4gen oder Richtlinienvorschriften. Anschlie\u00dfend entsorgen wir Ihre personenbezogenen Informationen sicher, um eine weitere Verarbeitung, unbefugten Zugriff oder die Offenlegung an Dritte zu verhindern.<\/p>\n\n\n\n<p><strong>Verwendung von Cookies<\/strong><\/p>\n\n\n\n<p>Wenn Sie unsere Website besuchen, k\u00f6nnen wir kleine Datenfiles, die als Cookies bekannt sind, auf Ihrem Ger\u00e4t speichern. Wir verwenden Cookies, um Ihnen volle Funktionalit\u00e4t und eine ausgezeichnete Benutzererfahrung auf unserer Website zu bieten. Sie haben die M\u00f6glichkeit, Cookies \u00fcber die Einstellungen Ihres Webbrowsers abzulehnen oder zu deaktivieren. Bitte beachten Sie jedoch, dass Sie in diesem Fall m\u00f6glicherweise nicht auf alle Funktionen unserer Website zugreifen k\u00f6nnen.<\/p>\n\n\n\n<p><strong>Links zu Websites Dritter<\/strong><\/p>\n\n\n\n<p>Unsere Website kann auch Links zu Websites Dritter enthalten, die Cookies verwenden. Wenn Sie diese Websites besuchen, beachten Sie bitte, dass wir keinen Einfluss auf diese Seiten haben und deren eigene Datenschutzrichtlinien f\u00fcr die Nutzung ihrer Seiten gelten.<\/p>\n\n\n\n<p><strong>Sicherung pers\u00f6nlicher Informationen<\/strong><\/p>\n\n\n\n<p>Wir setzen angemessene technische Ma\u00dfnahmen ein, um die personenbezogenen Informationen, die wir erheben, zu sch\u00fctzen. Es ist jedoch wichtig zu beachten, dass keine Methode der Informationssicherheit vollst\u00e4ndig sicher ist. Die \u00dcbertragung von Daten \u00fcber das Internet oder die Speicherung von Informationen auf online zug\u00e4nglichen Servern ist nicht zu 100 % sicher. Das ist die Natur des Internets, und wenn Ihnen das nicht gef\u00e4llt, sollten Sie das Internet ganz meiden. Obwohl wir bestrebt sind, Ihre personenbezogenen Daten bestm\u00f6glich zu sch\u00fctzen, k\u00f6nnen wir ihre absolute Sicherheit nicht garantieren.<\/p>\n\n\n\n<p><strong>Ihre Rechte als betroffene Person<\/strong><\/p>\n\n\n\n<p>Als betroffene Person haben Sie gem\u00e4\u00df dem Datenschutzgesetz von 2012 bestimmte Rechte in Bezug auf Ihre personenbezogenen Daten. Diese Rechte umfassen:<\/p>\n\n\n\n<ul class=\"wp-block-list\">\n<li>Das Recht, \u00fcber die Verarbeitung Ihrer personenbezogenen Daten informiert zu werden<\/li>\n\n\n\n<li>Das Recht, der Verarbeitung Ihrer personenbezogenen Daten zu widersprechen<\/li>\n\n\n\n<li>Das Recht, auf Ihre personenbezogenen Daten zuzugreifen<\/li>\n\n\n\n<li>Das Recht, ungenaue Daten zu berichtigen<\/li>\n\n\n\n<li>Das Recht auf L\u00f6schung oder Sperrung von Daten<\/li>\n\n\n\n<li>Das Recht auf Schadensersatz bei unrechtm\u00e4\u00dfiger oder unbefugter Nutzung personenbezogener Daten<\/li>\n<\/ul>\n\n\n\n<div style=\"height:20px\" aria-hidden=\"true\" class=\"wp-block-spacer\"><\/div>\n\n\n\n<p>Wenn Sie auf Ihre personenbezogenen Informationen in unseren Aufzeichnungen zugreifen m\u00f6chten oder der Ansicht sind, dass die Informationen, die wir \u00fcber Sie haben, unvollst\u00e4ndig, veraltet oder ungenau sind, k\u00f6nnen Sie die notwendigen \u00c4nderungen anfordern, indem Sie <em><a href=\"https:\/\/team-planet.one\/de\/join-us-contact\/\" data-type=\"page\" data-id=\"698\">Sie uns kontaktieren<\/a><\/em>.<\/p>\n\n\n\n<p><strong>\u00c4nderungen und Aktualisierungen der Datenschutzerkl\u00e4rung<\/strong><\/p>\n\n\n\n<p>Wir behalten uns das Recht vor, diese Datenschutzerkl\u00e4rung jederzeit zu \u00e4ndern, um den neuesten Gesetzen, Vorschriften sowie \u00c4nderungen in unseren organisatorischen Abl\u00e4ufen und unserem Umfeld zu entsprechen. Bitte \u00fcberpr\u00fcfen Sie diese Erkl\u00e4rung regelm\u00e4\u00dfig auf unserer Website, um die aktuellsten Informationen zu erhalten.<\/p>\n\n\n\n<p><strong>Wie Sie uns bei Beschwerden kontaktieren k\u00f6nnen<\/strong><\/p>\n\n\n\n<p>F\u00fcr Anfragen, Klarstellungen und Beschwerden bez\u00fcglich der Verarbeitung Ihrer personenbezogenen Daten k\u00f6nnen Sie uns kontaktieren: <a href=\"https:\/\/team-planet.one\/de\/join-us-contact\/\" data-type=\"page\" data-id=\"698\">hier<\/a><em><u>.<\/u><\/em><\/p>","protected":false},"excerpt":{"rendered":"<p>We highly value your privacy! Safeguarding and ensuring the security of personal information is our priority, and we uphold the rights of individuals whose data we handle (such as employees, partners, and other stakeholders) in accordance with the Data Privacy Act of 2012 (Republic Act No. 10173) and its implementing regulations. We strictly adhere to the highest standards of security [&hellip;]<\/p>","protected":false},"author":1,"featured_media":0,"parent":0,"menu_order":0,"comment_status":"closed","ping_status":"open","template":"page-templates\/full-width-container.php","meta":{"footnotes":""},"class_list":["post-3","page","type-page","status-publish","hentry"],"_links":{"self":[{"href":"https:\/\/team-planet.one\/de\/wp-json\/wp\/v2\/pages\/3","targetHints":{"allow":["GET"]}}],"collection":[{"href":"https:\/\/team-planet.one\/de\/wp-json\/wp\/v2\/pages"}],"about":[{"href":"https:\/\/team-planet.one\/de\/wp-json\/wp\/v2\/types\/page"}],"author":[{"embeddable":true,"href":"https:\/\/team-planet.one\/de\/wp-json\/wp\/v2\/users\/1"}],"replies":[{"embeddable":true,"href":"https:\/\/team-planet.one\/de\/wp-json\/wp\/v2\/comments?post=3"}],"version-history":[{"count":10,"href":"https:\/\/team-planet.one\/de\/wp-json\/wp\/v2\/pages\/3\/revisions"}],"predecessor-version":[{"id":1045,"href":"https:\/\/team-planet.one\/de\/wp-json\/wp\/v2\/pages\/3\/revisions\/1045"}],"wp:attachment":[{"href":"https:\/\/team-planet.one\/de\/wp-json\/wp\/v2\/media?parent=3"}],"curies":[{"name":"wp","href":"https:\/\/api.w.org\/{rel}","templated":true}]}}