{"id":559,"date":"2023-02-03T16:19:16","date_gmt":"2023-02-03T16:19:16","guid":{"rendered":"https:\/\/bizbergthemes.com\/green-wealth\/?page_id=559"},"modified":"2023-05-16T09:25:14","modified_gmt":"2023-05-16T09:25:14","slug":"who-we-are","status":"publish","type":"page","link":"https:\/\/team-planet.one\/de\/about\/who-we-are\/","title":{"rendered":"WER WIR SIND"},"content":{"rendered":"<div style=\"height:50px\" aria-hidden=\"true\" class=\"wp-block-spacer\"><\/div>\n\n\n\n<p>TEAM PLANET ONE ist eine private Initiative, die sich der \u00f6kologischen Forstwirtschaft und dem Umweltschutz widmet. Die Initiative wurde 2019 von Jenalyn Castro gegr\u00fcndet, die auch ihre Repr\u00e4sentantin ist.<\/p>\n\n\n\n<p>Seit 2019 haben sich immer mehr Landwirte der Initiative angeschlossen und betreiben \u00f6kologische Forstwirtschaft, da die Entscheidung zwischen den eigenen t\u00e4glichen Bed\u00fcrfnissen und den Bed\u00fcrfnissen der Umwelt f\u00fcr eine einzelne Person oft schwer abzuw\u00e4gen ist.<\/p>\n\n\n\n<p>Bei der Suche nach nachhaltigen Konzepten wendet TEAM PLANET ONE die PRINZIPIEN UND KRITERIEN F\u00dcR DIE FORSTWIRTSCHAFT DES FOREST STEWARDSHIP COUNCIL in Verbindung mit den ASEAN-Leitprinzipien f\u00fcr effektive rechtliche Rahmenwerke der sozialen Forstwirtschaft an.<\/p>\n\n\n\n<p>Die ASEAN-Leitprinzipien f\u00fcr soziale Effektivit\u00e4t wurden mit Unterst\u00fctzung des ASEAN-Sekretariats, ClientEarth, RECOFTC, der Schweizerischen Entwicklungs- und Kooperation (SDC) und der Schwedischen Agentur f\u00fcr Internationale Entwicklungszusammenarbeit (Sida) entwickelt.<\/p>\n\n\n\n<p>Die Forest Stewardship Council GmbH (FSC) ist eine internationale, gemeinn\u00fctzige Multi-Stakeholder-Organisation, die 1993 gegr\u00fcndet wurde und das verantwortungsvolle Management der weltweiten W\u00e4lder durch Holz-Zertifizierung f\u00f6rdert. Diese Organisation verfolgt einen marktbasierten Ansatz zur transnationalen Umweltpolitik. Das Konzept dieser Organisation ist nachahmenswert, jedoch bleibt TEAM PLANET ONE unabh\u00e4ngig.<\/p>","protected":false},"excerpt":{"rendered":"<p>TEAM PLANET ONE is a private initiative dedicated to ecological forestry and environmental protection. The initiative was founded in 2019 by Jenalyn Castro, who is also its representative. Since 2019, more and more farmers have joined the initiative and practice ecological forestry, because the decision between one&#8217;s own daily needs and the needs of the environment is often not easy [&hellip;]<\/p>","protected":false},"author":1,"featured_media":0,"parent":802,"menu_order":0,"comment_status":"closed","ping_status":"closed","template":"page-templates\/full-width-container.php","meta":{"footnotes":""},"class_list":["post-559","page","type-page","status-publish","hentry"],"_links":{"self":[{"href":"https:\/\/team-planet.one\/de\/wp-json\/wp\/v2\/pages\/559","targetHints":{"allow":["GET"]}}],"collection":[{"href":"https:\/\/team-planet.one\/de\/wp-json\/wp\/v2\/pages"}],"about":[{"href":"https:\/\/team-planet.one\/de\/wp-json\/wp\/v2\/types\/page"}],"author":[{"embeddable":true,"href":"https:\/\/team-planet.one\/de\/wp-json\/wp\/v2\/users\/1"}],"replies":[{"embeddable":true,"href":"https:\/\/team-planet.one\/de\/wp-json\/wp\/v2\/comments?post=559"}],"version-history":[{"count":6,"href":"https:\/\/team-planet.one\/de\/wp-json\/wp\/v2\/pages\/559\/revisions"}],"predecessor-version":[{"id":925,"href":"https:\/\/team-planet.one\/de\/wp-json\/wp\/v2\/pages\/559\/revisions\/925"}],"up":[{"embeddable":true,"href":"https:\/\/team-planet.one\/de\/wp-json\/wp\/v2\/pages\/802"}],"wp:attachment":[{"href":"https:\/\/team-planet.one\/de\/wp-json\/wp\/v2\/media?parent=559"}],"curies":[{"name":"wp","href":"https:\/\/api.w.org\/{rel}","templated":true}]}}