{"id":808,"date":"2023-05-15T07:23:53","date_gmt":"2023-05-15T07:23:53","guid":{"rendered":"https:\/\/team-planet.one\/?page_id=808"},"modified":"2023-05-16T09:27:53","modified_gmt":"2023-05-16T09:27:53","slug":"mission-vision","status":"publish","type":"page","link":"https:\/\/team-planet.one\/de\/about\/mission-vision\/","title":{"rendered":"MISSION &amp; VISION"},"content":{"rendered":"<div style=\"height:50px\" aria-hidden=\"true\" class=\"wp-block-spacer\"><\/div>\n\n\n\n<h3 class=\"wp-block-heading\">Mission:<\/h3>\n\n\n\n<p>Die Mission von TEAM PLANET ONE ist es, \u00f6kologische Forstwirtschaft zu f\u00f6rdern und die Umwelt zu sch\u00fctzen, indem nachhaltige L\u00f6sungen f\u00fcr das Management von Wald\u00f6kosystemen entwickelt und umgesetzt werden. Unser Ziel ist es, dies zu erreichen durch:<\/p>\n\n\n\n<ul class=\"wp-block-list\">\n<li>Durchf\u00fchrung von Forschungs- und \u00dcberwachungsaktivit\u00e4ten, um die Dynamik von Wald\u00f6kosystemen zu verstehen und die effektivsten Strategien zu identifizieren, um diese zu sch\u00fctzen.<\/li>\n\n\n\n<li>Entwicklung und Umsetzung nachhaltiger Forstwirtschaftspraktiken, die den Schutz der Biodiversit\u00e4t, die Kohlenstoffbindung und die Minderung des Klimawandels f\u00f6rdern.<\/li>\n\n\n\n<li>Sensibilisierung der Interessengruppen f\u00fcr die Bedeutung des Waldschutzes und dessen Beitrag zur nachhaltigen Entwicklung lokaler Gemeinschaften.<\/li>\n\n\n\n<li>Zusammenarbeit mit privaten Organisationen, um effektive Waldschutz- und Managementrichtlinien sowie -praktiken umzusetzen.<\/li>\n<\/ul>\n\n\n\n<div style=\"height:20px\" aria-hidden=\"true\" class=\"wp-block-spacer\"><\/div>\n\n\n\n<h3 class=\"wp-block-heading\">Vision:<\/h3>\n\n\n\n<p>Die Vision von TEAM PLANET ONE ist es, eine Welt zu schaffen, in der W\u00e4lder gesch\u00fctzt und nachhaltig bewirtschaftet werden und die Umwelt f\u00fcr zuk\u00fcnftige Generationen bewahrt bleibt. Wir stellen uns vor:<\/p>\n\n\n\n<ul class=\"wp-block-list\">\n<li>Eine Welt, in der W\u00e4lder als entscheidende \u00d6kosysteme gesch\u00e4tzt werden, die der Gesellschaft eine Vielzahl \u00f6kologischer, wirtschaftlicher und sozialer Vorteile bieten.<\/li>\n\n\n\n<li>W\u00e4lder, die nachhaltig bewirtschaftet werden und den Schutz der Biodiversit\u00e4t, die Minderung des Klimawandels und das Wohlbefinden der lokalen Gemeinschaften f\u00f6rdern.<\/li>\n\n\n\n<li>Eine Umwelt, die vor den negativen Auswirkungen von Abholzung, Klimawandel und anderen Umweltbedrohungen gesch\u00fctzt ist.<\/li>\n\n\n\n<li>Eine Gesellschaft, die sich des Wertes der W\u00e4lder und der Bedeutung ihres Schutzes bewusst ist und aktiv an deren Erhaltung und Bewirtschaftung beteiligt ist.<\/li>\n<\/ul>","protected":false},"excerpt":{"rendered":"<p>Mission: TEAM PLANET ONE\u00b4s mission is to promote ecological foresting and protect the environment by creating and implementing sustainable solutions for the management of forest ecosystems. We aim to achieve this by: Vision: TEAM PLANET ONE\u00b4s vision is to create a world where forests are protected and managed sustainably, and the environment is safeguarded for future generations. We envision:<\/p>","protected":false},"author":1,"featured_media":0,"parent":802,"menu_order":0,"comment_status":"closed","ping_status":"closed","template":"page-templates\/full-width-container.php","meta":{"footnotes":""},"class_list":["post-808","page","type-page","status-publish","hentry"],"_links":{"self":[{"href":"https:\/\/team-planet.one\/de\/wp-json\/wp\/v2\/pages\/808","targetHints":{"allow":["GET"]}}],"collection":[{"href":"https:\/\/team-planet.one\/de\/wp-json\/wp\/v2\/pages"}],"about":[{"href":"https:\/\/team-planet.one\/de\/wp-json\/wp\/v2\/types\/page"}],"author":[{"embeddable":true,"href":"https:\/\/team-planet.one\/de\/wp-json\/wp\/v2\/users\/1"}],"replies":[{"embeddable":true,"href":"https:\/\/team-planet.one\/de\/wp-json\/wp\/v2\/comments?post=808"}],"version-history":[{"count":5,"href":"https:\/\/team-planet.one\/de\/wp-json\/wp\/v2\/pages\/808\/revisions"}],"predecessor-version":[{"id":928,"href":"https:\/\/team-planet.one\/de\/wp-json\/wp\/v2\/pages\/808\/revisions\/928"}],"up":[{"embeddable":true,"href":"https:\/\/team-planet.one\/de\/wp-json\/wp\/v2\/pages\/802"}],"wp:attachment":[{"href":"https:\/\/team-planet.one\/de\/wp-json\/wp\/v2\/media?parent=808"}],"curies":[{"name":"wp","href":"https:\/\/api.w.org\/{rel}","templated":true}]}}