{"id":810,"date":"2023-05-15T07:24:07","date_gmt":"2023-05-15T07:24:07","guid":{"rendered":"https:\/\/team-planet.one\/?page_id=810"},"modified":"2023-05-16T09:28:54","modified_gmt":"2023-05-16T09:28:54","slug":"code-of-conduct","status":"publish","type":"page","link":"https:\/\/team-planet.one\/de\/about\/code-of-conduct\/","title":{"rendered":"VERHALTENSKODEX"},"content":{"rendered":"<div style=\"height:50px\" aria-hidden=\"true\" class=\"wp-block-spacer\"><\/div>\n\n\n\n<p>TEAM PLANET ONE konzentriert sich auf \u00f6kologische Forstwirtschaft und den Schutz der Umwelt. Wir bezeugen unser Engagement f\u00fcr ethische und nachhaltige Praktiken, indem wir unseren Verhaltenskodex einhalten.<\/p>\n\n\n\n<ol class=\"wp-block-list\" type=\"1\">\n<li>Ethische und rechtliche Compliance: TEAM PLANET ONE h\u00e4lt in all seinen Aktivit\u00e4ten ethische und rechtliche Standards ein, einschlie\u00dflich der Einhaltung der geltenden Gesetze und Vorschriften zum Umweltschutz und zur nachhaltigen Forstwirtschaft.<\/li>\n\n\n\n<li>Transparenz und Verantwortung: TEAM PLANET ONE verfolgt transparente Entscheidungsprozesse und ist seinen Interessengruppen gegen\u00fcber verantwortlich, einschlie\u00dflich Spendern, Partnern und den lokalen Gemeinschaften, die es unterst\u00fctzt.<\/li>\n\n\n\n<li>Respekt vor Menschenrechten: TEAM PLANET ONE respektiert und f\u00f6rdert die Menschenrechte, einschlie\u00dflich der Rechte lokaler Gemeinschaften, indigener V\u00f6lker und Arbeitnehmer, und stellt sicher, dass seine Aktivit\u00e4ten diesen Gruppen keinen Schaden zuf\u00fcgen.<\/li>\n\n\n\n<li>Umweltverantwortung: TEAM PLANET ONE \u00fcbernimmt Verantwortung f\u00fcr seine Umweltwirkungen und strebt danach, diese durch nachhaltige Praktiken und Naturschutzma\u00dfnahmen zu minimieren.<\/li>\n\n\n\n<li>Nicht-Diskriminierung: TEAM PLANET ONE wird nicht aufgrund von Rasse, Ethnie, Geschlecht, sexueller Orientierung, Religion oder anderen Merkmalen diskriminieren und f\u00f6rdert Vielfalt und Inklusion in allen seinen Aktivit\u00e4ten.<\/li>\n\n\n\n<li>Professionalit\u00e4t: TEAM PLANET ONE wahrt ein hohes Ma\u00df an Professionalit\u00e4t in seinen Operationen, einschlie\u00dflich der Finanzverwaltung, der Unternehmensf\u00fchrung und des Verhaltens des Personals.<\/li>\n\n\n\n<li>Interessenkonflikte: TEAM PLANET ONE identifiziert und managt potenzielle Interessenkonflikte, die in seinen Aktivit\u00e4ten auftreten k\u00f6nnen, einschlie\u00dflich solcher, die mit Finanzierungsquellen, Partnerschaften und Beziehungen von Mitarbeitern oder Vorstandsmitgliedern in Verbindung stehen.<\/li>\n<\/ol>","protected":false},"excerpt":{"rendered":"<p>TEAM PLANET ONE konzentriert sich auf \u00f6kologische Forstwirtschaft und den Schutz der Umwelt. Wir bezeugen unser Engagement f\u00fcr ethische und nachhaltige Praktiken, indem wir unseren Verhaltenskodex einhalten.<\/p>","protected":false},"author":1,"featured_media":0,"parent":802,"menu_order":0,"comment_status":"closed","ping_status":"closed","template":"page-templates\/full-width-container.php","meta":{"footnotes":""},"class_list":["post-810","page","type-page","status-publish","hentry"],"_links":{"self":[{"href":"https:\/\/team-planet.one\/de\/wp-json\/wp\/v2\/pages\/810","targetHints":{"allow":["GET"]}}],"collection":[{"href":"https:\/\/team-planet.one\/de\/wp-json\/wp\/v2\/pages"}],"about":[{"href":"https:\/\/team-planet.one\/de\/wp-json\/wp\/v2\/types\/page"}],"author":[{"embeddable":true,"href":"https:\/\/team-planet.one\/de\/wp-json\/wp\/v2\/users\/1"}],"replies":[{"embeddable":true,"href":"https:\/\/team-planet.one\/de\/wp-json\/wp\/v2\/comments?post=810"}],"version-history":[{"count":2,"href":"https:\/\/team-planet.one\/de\/wp-json\/wp\/v2\/pages\/810\/revisions"}],"predecessor-version":[{"id":929,"href":"https:\/\/team-planet.one\/de\/wp-json\/wp\/v2\/pages\/810\/revisions\/929"}],"up":[{"embeddable":true,"href":"https:\/\/team-planet.one\/de\/wp-json\/wp\/v2\/pages\/802"}],"wp:attachment":[{"href":"https:\/\/team-planet.one\/de\/wp-json\/wp\/v2\/media?parent=810"}],"curies":[{"name":"wp","href":"https:\/\/api.w.org\/{rel}","templated":true}]}}