{"id":816,"date":"2023-05-15T07:25:43","date_gmt":"2023-05-15T07:25:43","guid":{"rendered":"https:\/\/team-planet.one\/?page_id=816"},"modified":"2023-05-16T09:30:02","modified_gmt":"2023-05-16T09:30:02","slug":"what-is-it","status":"publish","type":"page","link":"https:\/\/team-planet.one\/de\/ecological-forestry\/what-is-it\/","title":{"rendered":"WAS IST DAS?"},"content":{"rendered":"<div style=\"height:50px\" aria-hidden=\"true\" class=\"wp-block-spacer\"><\/div>\n\n\n\n<p>\u00d6kologische Forstwirtschaft ist ein Forstmanagementansatz, der darauf abzielt, die \u00f6kologische Integrit\u00e4t und die Funktionen von Wald\u00f6kosystemen zu erhalten, w\u00e4hrend gleichzeitig Forstprodukte erzeugt werden. Er basiert auf den Prinzipien der \u00f6kologischen Nachhaltigkeit und umfasst einen ganzheitlichen Ansatz f\u00fcr das Forstmanagement, der die komplexen Beziehungen zwischen den verschiedenen Komponenten des Wald\u00f6kosystems ber\u00fccksichtigt.<\/p>\n\n\n\n<p>\u00d6kologische Forstwirtschaft erkennt an, dass W\u00e4lder eine Vielzahl von Vorteilen bieten, die \u00fcber die Holzproduktion hinausgehen, einschlie\u00dflich Kohlenstoffbindung, Wasserfiltration, Lebensraum f\u00fcr Wildtiere und Freizeitm\u00f6glichkeiten. Daher strebt sie an, die Bed\u00fcrfnisse der \u00f6kologischen Nachhaltigkeit mit den wirtschaftlichen und sozialen Vorteilen der Forstwirtschaft in Einklang zu bringen.<\/p>\n\n\n\n<p>Dieser Ansatz betont den Einsatz wissenschaftlich fundierter Managementpraktiken, um die Gesundheit und Widerstandsf\u00e4higkeit von Wald\u00f6kosystemen zu f\u00f6rdern. Er umfasst typischerweise selektive Erntetechniken, die nat\u00fcrliche St\u00f6rungen wie Waldbr\u00e4nde und Insektenausbr\u00fcche nachahmen, sowie die Wiederherstellung degradierten Gebiets, um die Waldregeneration und Biodiversit\u00e4t zu f\u00f6rdern.<\/p>\n\n\n\n<p>Insgesamt stellt die \u00f6kologische Forstwirtschaft einen Wandel von traditionellen Forstmanagementans\u00e4tzen dar, die kurzfristige wirtschaftliche Gewinne \u00fcber langfristige \u00f6kologische Nachhaltigkeit stellen.<\/p>","protected":false},"excerpt":{"rendered":"<p>Ecological forestry is a forest management approach that seeks to maintain the ecological integrity and functions of forest ecosystems while producing forest products. It is based on the principles of ecological sustainability and incorporates a holistic approach to forest management that takes into account the complex relationships between different components of the forest ecosystem. Ecological forestry recognizes that forests provide [&hellip;]<\/p>","protected":false},"author":1,"featured_media":0,"parent":694,"menu_order":0,"comment_status":"closed","ping_status":"closed","template":"page-templates\/full-width-container.php","meta":{"footnotes":""},"class_list":["post-816","page","type-page","status-publish","hentry"],"_links":{"self":[{"href":"https:\/\/team-planet.one\/de\/wp-json\/wp\/v2\/pages\/816","targetHints":{"allow":["GET"]}}],"collection":[{"href":"https:\/\/team-planet.one\/de\/wp-json\/wp\/v2\/pages"}],"about":[{"href":"https:\/\/team-planet.one\/de\/wp-json\/wp\/v2\/types\/page"}],"author":[{"embeddable":true,"href":"https:\/\/team-planet.one\/de\/wp-json\/wp\/v2\/users\/1"}],"replies":[{"embeddable":true,"href":"https:\/\/team-planet.one\/de\/wp-json\/wp\/v2\/comments?post=816"}],"version-history":[{"count":2,"href":"https:\/\/team-planet.one\/de\/wp-json\/wp\/v2\/pages\/816\/revisions"}],"predecessor-version":[{"id":930,"href":"https:\/\/team-planet.one\/de\/wp-json\/wp\/v2\/pages\/816\/revisions\/930"}],"up":[{"embeddable":true,"href":"https:\/\/team-planet.one\/de\/wp-json\/wp\/v2\/pages\/694"}],"wp:attachment":[{"href":"https:\/\/team-planet.one\/de\/wp-json\/wp\/v2\/media?parent=816"}],"curies":[{"name":"wp","href":"https:\/\/api.w.org\/{rel}","templated":true}]}}