{"id":818,"date":"2023-05-15T07:26:12","date_gmt":"2023-05-15T07:26:12","guid":{"rendered":"https:\/\/team-planet.one\/?page_id=818"},"modified":"2023-05-17T15:08:02","modified_gmt":"2023-05-17T15:08:02","slug":"principles-creterias","status":"publish","type":"page","link":"https:\/\/team-planet.one\/de\/ecological-forestry\/principles-creterias\/","title":{"rendered":"PRINZIPIEN &amp; KRITERIEN"},"content":{"rendered":"<div style=\"height:50px\" aria-hidden=\"true\" class=\"wp-block-spacer\"><\/div>\n\n\n\n<h3 class=\"wp-block-heading\">Prinzipien:<\/h3>\n\n\n\n<ol class=\"wp-block-list\" type=\"1\">\n<li>\u00d6kosystembasierter Ansatz: Die \u00f6kologische Forstwirtschaft zielt darauf ab, die \u00f6kologische Integrit\u00e4t und die Funktionen von Wald\u00f6kosystemen zu erhalten oder zu verbessern.<\/li>\n\n\n\n<li>Erhaltung der biologischen Vielfalt: Die \u00f6kologische Forstwirtschaft hat das Ziel, die Biodiversit\u00e4t zu erhalten und die nat\u00fcrliche Verteilung von Arten sowie \u00f6kologische Prozesse im Wald aufrechtzuerhalten.<\/li>\n\n\n\n<li>Nachhaltige Produktion von Forstprodukten: Die \u00f6kologische Forstwirtschaft zielt darauf ab, Forstprodukte auf eine nachhaltige und sozial verantwortliche Weise zu produzieren.<\/li>\n\n\n\n<li>Schutz von Boden- und Wasserressourcen: Die \u00f6kologische Forstwirtschaft hat das Ziel, Boden- und Wasserressourcen zu sch\u00fctzen, einschlie\u00dflich der Erhaltung der Wasserqualit\u00e4t und der Minimierung von Bodenerosion.<\/li>\n\n\n\n<li>Die \u00f6kologische Forstwirtschaft strebt an, mit lokalen Gemeinschaften, indigenen V\u00f6lkern und anderen Waldbewirtschaftenden zusammenzuarbeiten.<\/li>\n<\/ol>\n\n\n\n<div style=\"height:20px\" aria-hidden=\"true\" class=\"wp-block-spacer\"><\/div>\n\n\n\n<h3 class=\"wp-block-heading\">Kriterien:<\/h3>\n\n\n\n<ol class=\"wp-block-list\" type=\"1\">\n<li>Erhaltung der Waldstruktur und -zusammensetzung: Die \u00f6kologische Forstwirtschaft hat das Ziel, die Struktur und Zusammensetzung des Waldes zu erhalten oder zu verbessern, einschlie\u00dflich der Altersklassenverteilung, der Artenzusammensetzung und der Waldstruktur.<\/li>\n\n\n\n<li>Erhaltung der \u00f6kologischen Prozesse: Die \u00f6kologische Forstwirtschaft zielt darauf ab, \u00f6kologische Prozesse wie den N\u00e4hrstoffkreislauf, die Kohlenstoffbindung und hydrologische Prozesse aufrechtzuerhalten.<\/li>\n\n\n\n<li>Schutz von Gebieten mit hohem Naturschutzwert: Die \u00f6kologische Forstwirtschaft hat das Ziel, Gebiete mit hohem Naturschutzwert zu identifizieren und zu sch\u00fctzen, wie zum Beispiel Urw\u00e4lder, Lebensr\u00e4ume seltener Arten und kulturelle St\u00e4tten.<\/li>\n\n\n\n<li>Schutz von Boden- und Wasserressourcen: Die \u00f6kologische Forstwirtschaft zielt darauf ab, Bodenerosion zu minimieren, die Wasserqualit\u00e4t zu sch\u00fctzen und hydrologische Prozesse aufrechtzuerhalten.<\/li>\n\n\n\n<li>Soziale und wirtschaftliche Vorteile: Die \u00f6kologische Forstwirtschaft zielt darauf ab, wirtschaftliche und soziale Vorteile f\u00fcr lokale Gemeinschaften zu bieten und gleichzeitig die Nachhaltigkeit der Waldressourcen zu gew\u00e4hrleisten.<\/li>\n<\/ol>\n\n\n\n<div style=\"height:20px\" aria-hidden=\"true\" class=\"wp-block-spacer\"><\/div>\n\n\n\n<p>Unsere Prinzipien und Kriterien der \u00f6kologischen Forstwirtschaft spiegeln das Engagement wider, W\u00e4lder auf eine Weise zu bewirtschaften, die \u00f6kologisch nachhaltig, sozial verantwortlich und wirtschaftlich tragf\u00e4hig ist.<\/p>","protected":false},"excerpt":{"rendered":"<p>Principles: Criteria: Our principles and criteria of ecological forestry reflect a commitment to managing forests in a way that is ecologically sustainable, socially responsible, and economically viable.<\/p>","protected":false},"author":1,"featured_media":0,"parent":694,"menu_order":0,"comment_status":"closed","ping_status":"closed","template":"page-templates\/full-width-container.php","meta":{"footnotes":""},"class_list":["post-818","page","type-page","status-publish","hentry"],"_links":{"self":[{"href":"https:\/\/team-planet.one\/de\/wp-json\/wp\/v2\/pages\/818","targetHints":{"allow":["GET"]}}],"collection":[{"href":"https:\/\/team-planet.one\/de\/wp-json\/wp\/v2\/pages"}],"about":[{"href":"https:\/\/team-planet.one\/de\/wp-json\/wp\/v2\/types\/page"}],"author":[{"embeddable":true,"href":"https:\/\/team-planet.one\/de\/wp-json\/wp\/v2\/users\/1"}],"replies":[{"embeddable":true,"href":"https:\/\/team-planet.one\/de\/wp-json\/wp\/v2\/comments?post=818"}],"version-history":[{"count":3,"href":"https:\/\/team-planet.one\/de\/wp-json\/wp\/v2\/pages\/818\/revisions"}],"predecessor-version":[{"id":1017,"href":"https:\/\/team-planet.one\/de\/wp-json\/wp\/v2\/pages\/818\/revisions\/1017"}],"up":[{"embeddable":true,"href":"https:\/\/team-planet.one\/de\/wp-json\/wp\/v2\/pages\/694"}],"wp:attachment":[{"href":"https:\/\/team-planet.one\/de\/wp-json\/wp\/v2\/media?parent=818"}],"curies":[{"name":"wp","href":"https:\/\/api.w.org\/{rel}","templated":true}]}}