{"id":822,"date":"2023-05-15T07:27:03","date_gmt":"2023-05-15T07:27:03","guid":{"rendered":"https:\/\/team-planet.one\/?page_id=822"},"modified":"2023-05-16T09:54:28","modified_gmt":"2023-05-16T09:54:28","slug":"track-your-trees","status":"publish","type":"page","link":"https:\/\/team-planet.one\/de\/ecological-forestry\/track-your-trees\/","title":{"rendered":"VERFOLGEN SIE IHRE B\u00c4UME"},"content":{"rendered":"<div style=\"height:50px\" aria-hidden=\"true\" class=\"wp-block-spacer\"><\/div>\n\n\n\n<p>Zun\u00e4chst einmal vielen Dank f\u00fcr Ihr Interesse am Schutz unseres Planeten. Daher m\u00f6chten wir Sie bitten, Partner von TEAM PLANET ONE zu werden und einen aktiven Beitrag zum Erhalt unserer W\u00e4lder zu leisten.<\/p>\n\n\n\n<div class=\"wp-block-buttons is-layout-flex wp-block-buttons-is-layout-flex\">\n<div class=\"wp-block-button btn-me\"><a class=\"wp-block-button__link has-background wp-element-button\" href=\"https:\/\/team-planet.one\/de\/join-us-contact\/\" style=\"border-radius:50px;background-color:#6ab43e\">WERDEN SIE JETZT TEIL VON UNS!<\/a><\/div>\n<\/div>\n\n\n\n<div style=\"height:20px\" aria-hidden=\"true\" class=\"wp-block-spacer\"><\/div>\n\n\n\n<p>Wir garantieren jedem Partner von TEAM PLANET ONE, dass wir mit den uns zur Verf\u00fcgung gestellten Ressourcen mit gr\u00f6\u00dfter Sorgfalt umgehen. Unser Ziel ist nicht der Profit, sondern der Schutz unserer W\u00e4lder.<\/p>\n\n\n\n<p>Als Partner von TEAM PLANET ONE erhalten Sie die Koordinaten der von Ihnen gesponserten B\u00e4ume und k\u00f6nnen so jederzeit den Status und die Existenz Ihres Beitrags zum Schutz unseres Planeten \u00fcberpr\u00fcfen. Gerne unterst\u00fctzen wir Sie bei der Organisation Ihres Besuchs.<\/p>","protected":false},"excerpt":{"rendered":"<p>First of all, thank you very much for your interest in protecting our planet. Therefore, we would like to ask you to become a partner of TEAM PLANET ONE and make an active contribution to the preservation of our forests. We guarantee every partner of TEAM PLANET ONE that we will exercise the utmost care in the use of the [&hellip;]<\/p>","protected":false},"author":1,"featured_media":0,"parent":694,"menu_order":0,"comment_status":"closed","ping_status":"closed","template":"page-templates\/full-width-container.php","meta":{"footnotes":""},"class_list":["post-822","page","type-page","status-publish","hentry"],"_links":{"self":[{"href":"https:\/\/team-planet.one\/de\/wp-json\/wp\/v2\/pages\/822","targetHints":{"allow":["GET"]}}],"collection":[{"href":"https:\/\/team-planet.one\/de\/wp-json\/wp\/v2\/pages"}],"about":[{"href":"https:\/\/team-planet.one\/de\/wp-json\/wp\/v2\/types\/page"}],"author":[{"embeddable":true,"href":"https:\/\/team-planet.one\/de\/wp-json\/wp\/v2\/users\/1"}],"replies":[{"embeddable":true,"href":"https:\/\/team-planet.one\/de\/wp-json\/wp\/v2\/comments?post=822"}],"version-history":[{"count":23,"href":"https:\/\/team-planet.one\/de\/wp-json\/wp\/v2\/pages\/822\/revisions"}],"predecessor-version":[{"id":958,"href":"https:\/\/team-planet.one\/de\/wp-json\/wp\/v2\/pages\/822\/revisions\/958"}],"up":[{"embeddable":true,"href":"https:\/\/team-planet.one\/de\/wp-json\/wp\/v2\/pages\/694"}],"wp:attachment":[{"href":"https:\/\/team-planet.one\/de\/wp-json\/wp\/v2\/media?parent=822"}],"curies":[{"name":"wp","href":"https:\/\/api.w.org\/{rel}","templated":true}]}}