{"id":824,"date":"2023-05-15T07:27:52","date_gmt":"2023-05-15T07:27:52","guid":{"rendered":"https:\/\/team-planet.one\/?page_id=824"},"modified":"2023-05-17T15:28:29","modified_gmt":"2023-05-17T15:28:29","slug":"risks-for-trees","status":"publish","type":"page","link":"https:\/\/team-planet.one\/de\/deforestation\/risks-for-trees\/","title":{"rendered":"RISIKEN F\u00dcR B\u00c4UME"},"content":{"rendered":"<div style=\"height:50px\" aria-hidden=\"true\" class=\"wp-block-spacer\"><\/div>\n\n\n\n<div class=\"wp-block-columns are-vertically-aligned-center is-layout-flex wp-container-core-columns-is-layout-1 wp-block-columns-is-layout-flex\">\n<div class=\"wp-block-column is-vertically-aligned-center is-layout-flow wp-block-column-is-layout-flow\" style=\"flex-basis:70%\">\n<p>Insgesamt sind B\u00e4ume einer Vielzahl von Risiken ausgesetzt, die ihre Gesundheit und ihr \u00dcberleben beeintr\u00e4chtigen k\u00f6nnen. Es ist wichtig, W\u00e4lder und st\u00e4dtische B\u00e4ume so zu bewirtschaften, dass diese Risiken minimiert und ihre langfristige Gesundheit und Vitalit\u00e4t gef\u00f6rdert werden.<\/p>\n\n\n\n<p>B\u00e4ume sind verschiedenen Risiken ausgesetzt, darunter:<\/p>\n\n\n\n<ol class=\"wp-block-list\" type=\"1\">\n<li>Klimawandel: Der Klimawandel kann zu D\u00fcrren, Hitzewellen und anderen extremen Wetterereignissen f\u00fchren, die B\u00e4ume belasten und sch\u00e4digen k\u00f6nnen. Zudem erh\u00f6ht er das Risiko von Waldbr\u00e4nden, die verheerende Auswirkungen auf W\u00e4lder haben k\u00f6nnen.<\/li>\n\n\n\n<li>Abholzung: Abholzung ist eine gro\u00dfe Bedrohung f\u00fcr B\u00e4ume, insbesondere in tropischen Regenw\u00e4ldern, wo gro\u00dfe Waldfl\u00e4chen f\u00fcr Landwirtschaft, Bergbau und andere Aktivit\u00e4ten gerodet werden.<\/li>\n\n\n\n<li>Sch\u00e4dlinge und Krankheiten: B\u00e4ume k\u00f6nnen anf\u00e4llig f\u00fcr Sch\u00e4dlinge und Krankheiten sein, die sie sch\u00e4digen oder t\u00f6ten k\u00f6nnen. Beispiele daf\u00fcr sind der Smaragd-Aschebohrer, der Eschen in Nordamerika bef\u00e4llt, und die Eichenprozessionsspinnerraupe, die Eichen in Europa sch\u00e4digt.<\/li>\n\n\n\n<li>Luftverschmutzung: Luftverschmutzung kann B\u00e4ume sch\u00e4digen, indem sie ihre Stomata (Poren) blockiert und so ihre F\u00e4higkeit verringert, N\u00e4hrstoffe und Wasser aufzunehmen.<\/li>\n\n\n\n<li>Bodenerosion: Bodenerosion kann in Gebieten problematisch sein, in denen B\u00e4ume entfernt wurden, da sie zum Verlust der obersten Bodenschicht und einer verringerten Fruchtbarkeit f\u00fchren kann, was das Wachstum neuer B\u00e4ume erschwert.<\/li>\n\n\n\n<li>Menschliche Aktivit\u00e4ten: Menschliche Aktivit\u00e4ten wie Bauarbeiten, Stra\u00dfenbau und Freizeitaktivit\u00e4ten k\u00f6nnen B\u00e4ume sch\u00e4digen, insbesondere wenn schwere Maschinen zum Einsatz kommen.<\/li>\n<\/ol>\n<\/div>\n\n\n\n<div class=\"wp-block-column is-vertically-aligned-center is-layout-flow wp-block-column-is-layout-flow\" style=\"flex-basis:30%\">\n<figure class=\"wp-block-image size-large\"><img loading=\"lazy\" decoding=\"async\" width=\"768\" height=\"1024\" src=\"https:\/\/team-planet.one\/wp-content\/uploads\/2023\/05\/IMG_1848-768x1024.jpg\" alt=\"risk for trees\" class=\"wp-image-989\" srcset=\"https:\/\/team-planet.one\/wp-content\/uploads\/2023\/05\/IMG_1848-768x1024.jpg 768w, https:\/\/team-planet.one\/wp-content\/uploads\/2023\/05\/IMG_1848-225x300.jpg 225w, https:\/\/team-planet.one\/wp-content\/uploads\/2023\/05\/IMG_1848-1152x1536.jpg 1152w, https:\/\/team-planet.one\/wp-content\/uploads\/2023\/05\/IMG_1848-1536x2048.jpg 1536w, https:\/\/team-planet.one\/wp-content\/uploads\/2023\/05\/IMG_1848-scaled.jpg 1920w\" sizes=\"auto, (max-width: 768px) 100vw, 768px\" \/><\/figure>\n<\/div>\n<\/div>","protected":false},"excerpt":{"rendered":"<p>Overall, trees face a range of risks that can impact their health and survival. It is important to manage forests and urban trees in a way that minimizes these risks and promotes their long-term health and vitality. There are several risks that trees face, including:<\/p>","protected":false},"author":1,"featured_media":0,"parent":696,"menu_order":0,"comment_status":"closed","ping_status":"closed","template":"page-templates\/full-width-container.php","meta":{"footnotes":""},"class_list":["post-824","page","type-page","status-publish","hentry"],"_links":{"self":[{"href":"https:\/\/team-planet.one\/de\/wp-json\/wp\/v2\/pages\/824","targetHints":{"allow":["GET"]}}],"collection":[{"href":"https:\/\/team-planet.one\/de\/wp-json\/wp\/v2\/pages"}],"about":[{"href":"https:\/\/team-planet.one\/de\/wp-json\/wp\/v2\/types\/page"}],"author":[{"embeddable":true,"href":"https:\/\/team-planet.one\/de\/wp-json\/wp\/v2\/users\/1"}],"replies":[{"embeddable":true,"href":"https:\/\/team-planet.one\/de\/wp-json\/wp\/v2\/comments?post=824"}],"version-history":[{"count":14,"href":"https:\/\/team-planet.one\/de\/wp-json\/wp\/v2\/pages\/824\/revisions"}],"predecessor-version":[{"id":1031,"href":"https:\/\/team-planet.one\/de\/wp-json\/wp\/v2\/pages\/824\/revisions\/1031"}],"up":[{"embeddable":true,"href":"https:\/\/team-planet.one\/de\/wp-json\/wp\/v2\/pages\/696"}],"wp:attachment":[{"href":"https:\/\/team-planet.one\/de\/wp-json\/wp\/v2\/media?parent=824"}],"curies":[{"name":"wp","href":"https:\/\/api.w.org\/{rel}","templated":true}]}}