{"id":826,"date":"2023-05-15T07:28:19","date_gmt":"2023-05-15T07:28:19","guid":{"rendered":"https:\/\/team-planet.one\/?page_id=826"},"modified":"2023-05-17T15:18:41","modified_gmt":"2023-05-17T15:18:41","slug":"why-deforestation-happens","status":"publish","type":"page","link":"https:\/\/team-planet.one\/de\/deforestation\/why-deforestation-happens\/","title":{"rendered":"WARUM ABHOLZUNG STATTFINDET"},"content":{"rendered":"<div style=\"height:50px\" aria-hidden=\"true\" class=\"wp-block-spacer\"><\/div>\n\n\n\n<p>Abholzung erfolgt aus verschiedenen Gr\u00fcnden, darunter:<\/p>\n\n\n\n<ol class=\"wp-block-list\" type=\"1\">\n<li>Landwirtschaft: Gro\u00dfe Waldfl\u00e4chen werden gerodet, um Platz f\u00fcr landwirtschaftliche Aktivit\u00e4ten wie Viehzucht, Soja- und Palm\u00f6lplantagen sowie den Anbau von Feldfr\u00fcchten zu schaffen. Dies wird oft durch die steigende Nachfrage nach Nahrungsmitteln, insbesondere in Entwicklungsl\u00e4ndern, angetrieben.<\/li>\n\n\n\n<li>Holzeinschlag: W\u00e4lder werden auch f\u00fcr kommerzielle Holzeinschlagsaktivit\u00e4ten gerodet, bei denen B\u00e4ume f\u00fcr Holz- und Papierprodukte geerntet werden. Dies ist besonders in tropischen Regenw\u00e4ldern verbreitet, in denen wertvolle Holzarten vorkommen.<\/li>\n\n\n\n<li>Infrastrukturausbau: W\u00e4lder werden h\u00e4ufig gerodet, um Platz f\u00fcr den Ausbau von Infrastruktur wie Stra\u00dfen, Autobahnen und Staud\u00e4mmen zu schaffen. Dies ist besonders in Entwicklungsl\u00e4ndern verbreitet, wo der Infrastrukturausbau als wichtiger Motor des Wirtschaftswachstums gilt.<\/li>\n\n\n\n<li>Bergbau: W\u00e4lder werden auch f\u00fcr Bergbauaktivit\u00e4ten gerodet, insbesondere f\u00fcr die Gewinnung von Mineralien wie Gold, Kupfer und Bauxit.<\/li>\n\n\n\n<li>Urbanisierung: W\u00e4lder werden gerodet, um Platz f\u00fcr die Urbanisierung zu schaffen, insbesondere in schnell wachsenden St\u00e4dten. Dies wird oft durch die steigende Nachfrage nach Wohnraum und Infrastruktur angetrieben.<\/li>\n<\/ol>\n\n\n\n<div style=\"height:20px\" aria-hidden=\"true\" class=\"wp-block-spacer\"><\/div>\n\n\n\n<p>Insgesamt wird die Abholzung von einer komplexen Kombination aus sozialen, wirtschaftlichen und politischen Faktoren angetrieben. Sie ist h\u00e4ufig das Ergebnis eines Zusammenspiels von Wirtschaftsentwicklung, Armut und Bev\u00f6lkerungswachstum sowie von Regierungspolitiken und internationalen Marktkr\u00e4ften.<\/p>","protected":false},"excerpt":{"rendered":"<p>Deforestation happens for a variety of reasons, including: Overall, deforestation is driven by a complex set of social, economic, and political factors. It is often the result of a combination of factors, including economic development, poverty, and population growth, as well as government policies and international market forces.<\/p>","protected":false},"author":1,"featured_media":0,"parent":696,"menu_order":0,"comment_status":"closed","ping_status":"closed","template":"page-templates\/full-width-container.php","meta":{"footnotes":""},"class_list":["post-826","page","type-page","status-publish","hentry"],"_links":{"self":[{"href":"https:\/\/team-planet.one\/de\/wp-json\/wp\/v2\/pages\/826","targetHints":{"allow":["GET"]}}],"collection":[{"href":"https:\/\/team-planet.one\/de\/wp-json\/wp\/v2\/pages"}],"about":[{"href":"https:\/\/team-planet.one\/de\/wp-json\/wp\/v2\/types\/page"}],"author":[{"embeddable":true,"href":"https:\/\/team-planet.one\/de\/wp-json\/wp\/v2\/users\/1"}],"replies":[{"embeddable":true,"href":"https:\/\/team-planet.one\/de\/wp-json\/wp\/v2\/comments?post=826"}],"version-history":[{"count":3,"href":"https:\/\/team-planet.one\/de\/wp-json\/wp\/v2\/pages\/826\/revisions"}],"predecessor-version":[{"id":1025,"href":"https:\/\/team-planet.one\/de\/wp-json\/wp\/v2\/pages\/826\/revisions\/1025"}],"up":[{"embeddable":true,"href":"https:\/\/team-planet.one\/de\/wp-json\/wp\/v2\/pages\/696"}],"wp:attachment":[{"href":"https:\/\/team-planet.one\/de\/wp-json\/wp\/v2\/media?parent=826"}],"curies":[{"name":"wp","href":"https:\/\/api.w.org\/{rel}","templated":true}]}}