{"id":828,"date":"2023-05-15T07:28:43","date_gmt":"2023-05-15T07:28:43","guid":{"rendered":"https:\/\/team-planet.one\/?page_id=828"},"modified":"2023-05-17T15:23:27","modified_gmt":"2023-05-17T15:23:27","slug":"how-to-avoid-deforestation","status":"publish","type":"page","link":"https:\/\/team-planet.one\/de\/deforestation\/how-to-avoid-deforestation\/","title":{"rendered":"WIE MAN ABHOLZUNG VERMEIDET?"},"content":{"rendered":"<div style=\"height:50px\" aria-hidden=\"true\" class=\"wp-block-spacer\"><\/div>\n\n\n\n<p>Alles in allem ist eine Kombination von Strategien erforderlich, die die sozialen, wirtschaftlichen und \u00f6kologischen Faktoren ansprechen, die die Abholzung vorantreiben, um Abholzung effektiv zu verhindern und eine nachhaltige Forstwirtschaft zu f\u00f6rdern.<\/p>\n\n\n\n<p><strong>DAS IST, WAS WIR TUN:<\/strong><\/p>\n\n\n\n<ol class=\"wp-block-list\" type=\"1\">\n<li>Nachhaltige Forstwirtschaft: Die Anwendung nachhaltiger Forstwirtschaftspraktiken wie schonender Holzeinschlag, Aufforstung und Agroforstwirtschaft kann dazu beitragen, die Auswirkungen von Holzeinschlagsaktivit\u00e4ten zu minimieren und die langfristige Lebensf\u00e4higkeit von Wald\u00f6kosystemen zu gew\u00e4hrleisten.<\/li>\n\n\n\n<li>Landnutzungsplanung: Die Umsetzung effektiver Landnutzungsstrategien kann dazu beitragen, sicherzustellen, dass W\u00e4lder nicht f\u00fcr ungeeignete Zwecke wie Landwirtschaft, Bergbau oder Urbanisierung gerodet werden.<\/li>\n\n\n\n<li>Waldschutz: Die Schaffung von Schutzgebieten und die F\u00f6rderung von Waldschutzbem\u00fchungen k\u00f6nnen dazu beitragen, W\u00e4lder zu erhalten und Abholzung zu verhindern.<\/li>\n\n\n\n<li>Unterst\u00fctzung lokaler Gemeinschaften: Die Unterst\u00fctzung von Gemeinschaften, die auf W\u00e4lder f\u00fcr ihren Lebensunterhalt angewiesen sind, kann dazu beitragen, den Druck auf die W\u00e4lder zu verringern und nachhaltige Forstwirtschaftspraktiken zu f\u00f6rdern.<\/li>\n\n\n\n<li>Internationale Zusammenarbeit: Internationale Kooperation und Koordination k\u00f6nnen dazu beitragen, die Ursachen der Abholzung wie Wirtschaftsentwicklung, Armut und Bev\u00f6lkerungswachstum anzugehen und nachhaltige Forstwirtschaftspraktiken zu f\u00f6rdern.<\/li>\n<\/ol>\n\n\n\n<div style=\"height:20px\" aria-hidden=\"true\" class=\"wp-block-spacer\"><\/div>\n\n\n\n<p><strong>DAS K\u00d6NNEN SIE TUN:<\/strong><\/p>\n\n\n\n<p>Die Reduzierung Ihrer Nachfrage nach Produkten, die zur Abholzung beitragen, wie Palm\u00f6l, Soja, Rindfleisch und Papierprodukte, kann dazu beitragen, den Druck auf die W\u00e4lder zu verringern und \u2026 ein Partner von TEAM PLANET ONE zu werden.<\/p>\n\n\n\n<div class=\"wp-block-buttons is-layout-flex wp-block-buttons-is-layout-flex\">\n<div class=\"wp-block-button btn-me\"><a class=\"wp-block-button__link has-background wp-element-button\" href=\"https:\/\/team-planet.one\/de\/join-us-contact\/\" style=\"border-radius:50px;background-color:#6ab43e\">WERDEN SIE TEIL VON UNS!<\/a><\/div>\n<\/div>","protected":false},"excerpt":{"rendered":"<p>All in all a combination of strategies that address the social, economic, and environmental factors driving deforestation is needed to effectively avoid deforestation and promote sustainable forest management. THIS IS WHAT WE DO: THIS IS WHAT YOU CAN DO: Reducing your demand for products that contribute to deforestation, such as palm oil, soy, beef, and paper products can help to [&hellip;]<\/p>","protected":false},"author":1,"featured_media":0,"parent":696,"menu_order":0,"comment_status":"closed","ping_status":"closed","template":"page-templates\/full-width-container.php","meta":{"footnotes":""},"class_list":["post-828","page","type-page","status-publish","hentry"],"_links":{"self":[{"href":"https:\/\/team-planet.one\/de\/wp-json\/wp\/v2\/pages\/828","targetHints":{"allow":["GET"]}}],"collection":[{"href":"https:\/\/team-planet.one\/de\/wp-json\/wp\/v2\/pages"}],"about":[{"href":"https:\/\/team-planet.one\/de\/wp-json\/wp\/v2\/types\/page"}],"author":[{"embeddable":true,"href":"https:\/\/team-planet.one\/de\/wp-json\/wp\/v2\/users\/1"}],"replies":[{"embeddable":true,"href":"https:\/\/team-planet.one\/de\/wp-json\/wp\/v2\/comments?post=828"}],"version-history":[{"count":7,"href":"https:\/\/team-planet.one\/de\/wp-json\/wp\/v2\/pages\/828\/revisions"}],"predecessor-version":[{"id":1029,"href":"https:\/\/team-planet.one\/de\/wp-json\/wp\/v2\/pages\/828\/revisions\/1029"}],"up":[{"embeddable":true,"href":"https:\/\/team-planet.one\/de\/wp-json\/wp\/v2\/pages\/696"}],"wp:attachment":[{"href":"https:\/\/team-planet.one\/de\/wp-json\/wp\/v2\/media?parent=828"}],"curies":[{"name":"wp","href":"https:\/\/api.w.org\/{rel}","templated":true}]}}