{"id":830,"date":"2023-05-15T07:29:07","date_gmt":"2023-05-15T07:29:07","guid":{"rendered":"https:\/\/team-planet.one\/?page_id=830"},"modified":"2023-05-16T10:11:32","modified_gmt":"2023-05-16T10:11:32","slug":"fight-deforestation","status":"publish","type":"page","link":"https:\/\/team-planet.one\/de\/deforestation\/fight-deforestation\/","title":{"rendered":"K\u00c4MPFE GEGEN ABHOLZUNG"},"content":{"rendered":"<div style=\"height:50px\" aria-hidden=\"true\" class=\"wp-block-spacer\"><\/div>\n\n\n\n<p>Der Kampf von TEAM PLANET ONE gegen die Abholzung, um einen Unterschied zu machen.<\/p>\n\n\n\n<ol class=\"wp-block-list\" type=\"1\">\n<li>Eine der effektivsten Methoden, um gegen Abholzung zu k\u00e4mpfen, ist das Pflanzen von B\u00e4umen. Wir pflanzen B\u00e4ume auf unserem eigenen Land oder in Zusammenarbeit mit lokalen Gemeinschaften, um degradierte Gebiete wiederherzustellen und neue Waldfl\u00e4chen zu schaffen.<\/li>\n\n\n\n<li>Wir reduzieren unseren CO2-Fu\u00dfabdruck, indem wir erneuerbare Energien nutzen, Abfall verringern und den Energieverbrauch minimieren.<\/li>\n\n\n\n<li>Wir wenden nachhaltige Forstwirtschaftspraktiken an, wie selektiven Holzeinschlag, Aufforstung und Agroforstwirtschaft, um die Auswirkungen auf Wald\u00f6kosysteme zu minimieren.<\/li>\n\n\n\n<li>TEAM PLANET ONE sensibilisiert die Menschen f\u00fcr die Bedeutung der W\u00e4lder und die Auswirkungen der Abholzung in ihren Gemeinschaften und Netzwerken.<\/li>\n\n\n\n<li>TEAM PLANET ONE unterst\u00fctzt Naturschutzbem\u00fchungen, indem es an lokale NGOs oder andere Organisationen spendet oder sich freiwillig bei deren Arbeit im Bereich Waldschutz und -management engagiert.<\/li>\n<\/ol>","protected":false},"excerpt":{"rendered":"<p>Der Kampf von TEAM PLANET ONE gegen die Abholzung, um einen Unterschied zu machen.<\/p>","protected":false},"author":1,"featured_media":0,"parent":696,"menu_order":0,"comment_status":"closed","ping_status":"closed","template":"page-templates\/full-width-container.php","meta":{"footnotes":""},"class_list":["post-830","page","type-page","status-publish","hentry"],"_links":{"self":[{"href":"https:\/\/team-planet.one\/de\/wp-json\/wp\/v2\/pages\/830","targetHints":{"allow":["GET"]}}],"collection":[{"href":"https:\/\/team-planet.one\/de\/wp-json\/wp\/v2\/pages"}],"about":[{"href":"https:\/\/team-planet.one\/de\/wp-json\/wp\/v2\/types\/page"}],"author":[{"embeddable":true,"href":"https:\/\/team-planet.one\/de\/wp-json\/wp\/v2\/users\/1"}],"replies":[{"embeddable":true,"href":"https:\/\/team-planet.one\/de\/wp-json\/wp\/v2\/comments?post=830"}],"version-history":[{"count":2,"href":"https:\/\/team-planet.one\/de\/wp-json\/wp\/v2\/pages\/830\/revisions"}],"predecessor-version":[{"id":973,"href":"https:\/\/team-planet.one\/de\/wp-json\/wp\/v2\/pages\/830\/revisions\/973"}],"up":[{"embeddable":true,"href":"https:\/\/team-planet.one\/de\/wp-json\/wp\/v2\/pages\/696"}],"wp:attachment":[{"href":"https:\/\/team-planet.one\/de\/wp-json\/wp\/v2\/media?parent=830"}],"curies":[{"name":"wp","href":"https:\/\/api.w.org\/{rel}","templated":true}]}}